{"id":2345,"date":"2020-03-25T18:45:06","date_gmt":"2020-03-25T17:45:06","guid":{"rendered":"http:\/\/iglesia-latina.de\/?page_id=2345"},"modified":"2023-07-16T14:08:54","modified_gmt":"2023-07-16T13:08:54","slug":"onlineangebot","status":"publish","type":"page","link":"http:\/\/iglesia-latina.de\/de\/onlineangebot\/","title":{"rendered":"ONLINE ANGEBOT"},"content":{"rendered":"<div class=\"wpb-content-wrapper\"><body>[vc_row][vc_column][vc_column_text]\n<h1>Online Angebote der ICL<\/h1>\n[\/vc_column_text][vc_column_text]Da unsere Aktivit\u00e4ten aufgrund der jetzige Situation beschr\u00e4nkt sind, haben wir uns M\u00fche gegeben, uns gegenseitig aus der Ferne zu unterst\u00fctzenund weiter die Gaben Gottes miteinander zu teilen. Hier ist eine Liste der online Treffen und Termine die wir anbieten, und wie du mitmachen kannst:[\/vc_column_text][\/vc_column][\/vc_row][vc_row][vc_column width=\u201d1\/6\u2033][\/vc_column][vc_column width=\u201d1\/3\u2033][vc_column_text]\n<h2><span style=\"color: #800000;\">Gottesdienst LIVE<\/span><\/h2>\n[\/vc_column_text][vc_column_text]Unser Gottestdienst wird Sonntags um <strong>17:00<\/strong> per YouTube live \u00fcbertragen. Wir loben unseren Herr zusammen und h\u00f6ren eine Andacht von unserem Pastor. Hier findest du den Link zur \u00dcbertragung:[\/vc_column_text][vc_row_inner][vc_column_inner]<a href=\"https:\/\/youtube.com\/live\/c_Uv3G62D4g?feature=share\" class=\"hb-button hb-pomegranate hb-default-button no-three-d\" target=\"_blank\" style=\"-webkit-border-radius: 0px;-moz-border-radius: 0px;border-radius: 0px;\">Online Gottesdienst<\/a>[\/vc_column_inner][\/vc_row_inner][vc_column_text]Au\u00dferdem, bieten wir eine Live \u00dcbersetzung des Gottesdienstes via WhatsApp. Du wirst zu einen Gruppenanruf hinzugef\u00fcgt, um die \u00dcbersetzung h\u00f6ren zu k\u00f6nnen. Bitte schick uns eine WhatsApp Nachricht unter folgender Nummer: <a href=\"https:\/\/wa.me\/491639089957?text=Ich%20m%C3%B6chte%20die%20%C3%9Cbersetzung%20h%C3%B6ren\">+49 163 9089957<\/a>[\/vc_column_text][\/vc_column][vc_column width=\u201d1\/3\u2033][vc_column_text]\n<h2><span style=\"color: #800000;\">Gebet<\/span><\/h2>\n[\/vc_column_text][vc_column_text]Donnerstag um 18:30 findet unseren Gebetsgottesdienst durch die\u00a0<a href=\"https:\/\/zoom.us\/de\">Zoom<\/a>\u00a0Platform statt. Daf\u00fcr musst du die App auf deinem Rechner oder Mobiltelefon herunterladen und dich mit dem Meeting ID verbinden.<\/p>\n<p>Um teilnehmen zu d\u00fcrfen, schreib eine Email an unserem Pastor:\u00a0<a href=\"mailto:pastorado@iglesia-latina.de\">pastorado@iglesia-latina.de<\/a>[\/vc_column_text][\/vc_column][vc_column width=\u201d1\/6\u2033][\/vc_column][\/vc_row]\n<\/body><\/div>","protected":false},"excerpt":{"rendered":"<p>[vc_row][vc_column][vc_column_text] Online Angebote der ICL [\/vc_column_text][vc_column_text]Da unsere Aktivit\u00e4ten aufgrund der jetzige Situation beschr\u00e4nkt sind, haben wir uns M\u00fche gegeben, uns [&hellip;]<\/p>\n","protected":false},"author":4,"featured_media":0,"parent":0,"menu_order":0,"comment_status":"closed","ping_status":"closed","template":"","meta":{"_exactmetrics_skip_tracking":false,"_exactmetrics_sitenote_active":false,"_exactmetrics_sitenote_note":"","_exactmetrics_sitenote_category":0,"footnotes":""},"class_list":["post-2345","page","type-page","status-publish","hentry"],"jetpack_sharing_enabled":true,"jetpack_shortlink":"https:\/\/wp.me\/P6BAUr-BP","publishpress_future_action":{"enabled":false,"date":"2026-05-21 17:35:52","action":"change-status","newStatus":"private","terms":[],"taxonomy":"translation_priority","extraData":[]},"publishpress_future_workflow_manual_trigger":{"enabledWorkflows":[]},"_links":{"self":[{"href":"http:\/\/iglesia-latina.de\/de\/wp-json\/wp\/v2\/pages\/2345\/"}],"collection":[{"href":"http:\/\/iglesia-latina.de\/de\/wp-json\/wp\/v2\/pages\/"}],"about":[{"href":"http:\/\/iglesia-latina.de\/de\/wp-json\/wp\/v2\/types\/page\/"}],"author":[{"embeddable":true,"href":"http:\/\/iglesia-latina.de\/de\/wp-json\/wp\/v2\/users\/4\/"}],"replies":[{"embeddable":true,"href":"http:\/\/iglesia-latina.de\/de\/wp-json\/wp\/v2\/comments\/?post=2345"}],"version-history":[{"count":186,"href":"http:\/\/iglesia-latina.de\/de\/wp-json\/wp\/v2\/pages\/2345\/revisions\/"}],"predecessor-version":[{"id":3225,"href":"http:\/\/iglesia-latina.de\/de\/wp-json\/wp\/v2\/pages\/2345\/revisions\/3225\/"}],"wp:attachment":[{"href":"http:\/\/iglesia-latina.de\/de\/wp-json\/wp\/v2\/media\/?parent=2345"}],"curies":[{"name":"wp","href":"https:\/\/api.w.org\/{rel}","templated":true}]}}