{"id":1302,"date":"2016-02-13T21:00:26","date_gmt":"2016-02-13T20:00:26","guid":{"rendered":"http:\/\/iglesia-latina.de\/de\/?page_id=1302"},"modified":"2019-08-13T16:38:11","modified_gmt":"2019-08-13T15:38:11","slug":"frauentreffen","status":"publish","type":"page","link":"http:\/\/iglesia-latina.de\/de\/frauentreffen\/","title":{"rendered":"FRAUENTREFFEN"},"content":{"rendered":"<div class=\"wpb-content-wrapper\"><body>[vc_row][vc_column][vc_column_text css_animation=\u201dleft-to-right\u201d]\n<h1>Frauentreffen<\/h1>\n[\/vc_column_text][\/vc_column][\/vc_row][vc_row][vc_column width=\u201d1\/4\u2033][\/vc_column][vc_column width=\u201d1\/2\u2033][vc_column_text css_animation=\u201dappear\u201d]<em>\u2026dass sich die alten Frauen gleicherweise so verhalten sollen, wie es Heiligen geziemt, dass sie nicht verleumderisch sein sollen, nicht vielem Weingenuss ergeben, sondern solche, die das Gute lehren, damit sie die jungen Frauen dazu anleiten, ihre M\u00e4nner und ihre Kinder zu lieben,\u00a0besonnen zu sein, keusch, h\u00e4uslich, g\u00fctig, und sich ihren M\u00e4nnern unterzuordnen, damit das Wort Gottes nicht verl\u00e4stert wird.<\/em><\/p>\n<p style=\"text-align: right;\">Titus 2:3-5<\/p>\n[\/vc_column_text][\/vc_column][vc_column width=\u201d1\/4\u2033][\/vc_column][\/vc_row][vc_row][vc_column width=\u201d1\/2\u2033][vc_column_text]<strong>Mission<\/strong><\/p>\n<p>Ein Ort, wo Frauen Jesus kennenlernen, sich in der Glaube weiterentwickeln, und einander lehren k\u00f6nnen. [\/vc_column_text][\/vc_column][vc_column width=\u201d1\/2\u2033][vc_column_text]<strong>Vision<\/strong><\/p>\n<p>Frauen spirituell weiterzubilden, sodass sie Gott und einander besser dienen k\u00f6nnen.[\/vc_column_text][\/vc_column][\/vc_row][vc_row][vc_column]\n\t\t\t<!-- START mujeres REVOLUTION SLIDER 6.7.41 --><p class=\"rs-p-wp-fix\"><\/p>\n\t\t\t<rs-module-wrap id=\"rev_slider_25_1_wrapper\" data-source=\"gallery\" style=\"visibility:hidden;background:transparent;padding:0;margin:0px auto;margin-top:0;margin-bottom:0;\">\n\t\t\t\t<rs-module id=\"rev_slider_25_1\" style=\"\" data-version=\"6.7.41\">\n\t\t\t\t\t<rs-slides style=\"overflow: hidden; position: absolute;\">\n\t\t\t\t\t\t<rs-slide style=\"position: absolute;\" data-key=\"rs-94\" data-title=\"Slide\" data-anim=\"ms:600;r:0;\" data-in=\"o:0;\" data-out=\"a:false;\">\n\t\t\t\t\t\t\t<img data-recalc-dims=\"1\" decoding=\"async\" src=\"https:\/\/i0.wp.com\/iglesia-latina.de\/wp-content\/plugins\/revslider\/sr6\/assets\/assets\/dummy.png?resize=1280%2C855\" alt=\"\" title=\"72baaf95-9bbb-48f6-a7bd-cf15ee80d832\" width=\"1280\" height=\"855\" class=\"rev-slidebg tp-rs-img rs-lazyload\" data-lazyload=\"\/\/iglesia-latina.de\/wp-content\/uploads\/2019\/08\/72baaf95-9bbb-48f6-a7bd-cf15ee80d832.jpg\" data-no-retina>\n<!---->\t\t\t\t\t<\/rs-slide>\n\t\t\t\t\t\t<rs-slide style=\"position: absolute;\" data-key=\"rs-95\" data-title=\"Slide\" data-anim=\"ms:1000;r:0;\" data-in=\"o:0;\" data-out=\"a:false;\">\n\t\t\t\t\t\t\t<img data-recalc-dims=\"1\" decoding=\"async\" src=\"https:\/\/i0.wp.com\/iglesia-latina.de\/wp-content\/plugins\/revslider\/sr6\/assets\/assets\/dummy.png?resize=1600%2C1200\" alt=\"\" title=\"670ba402-d14c-4a04-a434-e13143f5b9e4\" width=\"1600\" height=\"1200\" class=\"rev-slidebg tp-rs-img rs-lazyload\" data-lazyload=\"\/\/iglesia-latina.de\/wp-content\/uploads\/2019\/08\/670ba402-d14c-4a04-a434-e13143f5b9e4.jpg\" data-bg=\"p:center top;\" data-no-retina>\n<!---->\t\t\t\t\t<\/rs-slide>\n\t\t\t\t\t\t<rs-slide style=\"position: absolute;\" data-key=\"rs-96\" data-title=\"Slide\" data-anim=\"ms:1000;r:0;\" data-in=\"o:0;\" data-out=\"a:false;\">\n\t\t\t\t\t\t\t<img data-recalc-dims=\"1\" decoding=\"async\" src=\"https:\/\/i0.wp.com\/iglesia-latina.de\/wp-content\/plugins\/revslider\/sr6\/assets\/assets\/dummy.png?resize=1600%2C1200\" alt=\"\" title=\"d93fb06f-5e71-46e3-abcc-ce4d4f283160\" width=\"1600\" height=\"1200\" class=\"rev-slidebg tp-rs-img rs-lazyload\" data-lazyload=\"\/\/iglesia-latina.de\/wp-content\/uploads\/2019\/08\/d93fb06f-5e71-46e3-abcc-ce4d4f283160.jpg\" data-no-retina>\n<!---->\t\t\t\t\t<\/rs-slide>\n\t\t\t\t\t\t<rs-slide style=\"position: absolute;\" data-key=\"rs-97\" data-title=\"Slide\" data-anim=\"ms:1000;r:0;\" data-in=\"o:0;\" data-out=\"a:false;\">\n\t\t\t\t\t\t\t<img data-recalc-dims=\"1\" decoding=\"async\" src=\"https:\/\/i0.wp.com\/iglesia-latina.de\/wp-content\/plugins\/revslider\/sr6\/assets\/assets\/dummy.png?resize=1600%2C1200\" alt=\"\" title=\"fd2ba92f-6edc-4cfa-98ad-71462a3f895c\" width=\"1600\" height=\"1200\" class=\"rev-slidebg tp-rs-img rs-lazyload\" data-lazyload=\"\/\/iglesia-latina.de\/wp-content\/uploads\/2019\/08\/fd2ba92f-6edc-4cfa-98ad-71462a3f895c.jpg\" data-bg=\"p:center top;\" data-no-retina>\n<!---->\t\t\t\t\t<\/rs-slide>\n\t\t\t\t\t\t<rs-slide style=\"position: absolute;\" data-key=\"rs-98\" data-title=\"Slide\" data-anim=\"ms:1000;r:0;\" data-in=\"o:0;\" data-out=\"a:false;\">\n\t\t\t\t\t\t\t<img data-recalc-dims=\"1\" decoding=\"async\" src=\"https:\/\/i0.wp.com\/iglesia-latina.de\/wp-content\/plugins\/revslider\/sr6\/assets\/assets\/dummy.png?resize=1175%2C1280\" alt=\"\" title=\"6fcfb263-82bd-4c02-86e7-11985d90a227\" width=\"1175\" height=\"1280\" class=\"rev-slidebg tp-rs-img rs-lazyload\" data-lazyload=\"\/\/iglesia-latina.de\/wp-content\/uploads\/2019\/08\/6fcfb263-82bd-4c02-86e7-11985d90a227.jpg\" data-bg=\"p:0% 16%;\" data-no-retina>\n<!---->\t\t\t\t\t<\/rs-slide>\n\t\t\t\t\t<\/rs-slides>\n\t\t\t\t<\/rs-module>\n\t\t\t\t<script data-jetpack-boost=\"ignore\">\n\t\t\t\t\tsetREVStartSize({c: 'rev_slider_25_1',rl:[1240,1024,768,480],el:[550],gw:[1240],gh:[550],type:'standard',justify:'',layout:'fullwidth',mh:\"0\"});if (window.RS_MODULES!==undefined && window.RS_MODULES.modules!==undefined && window.RS_MODULES.modules[\"revslider251\"]!==undefined) {window.RS_MODULES.modules[\"revslider251\"].once = false;window.revapi25 = undefined;if (window.RS_MODULES.checkMinimal!==undefined) window.RS_MODULES.checkMinimal()}\n\t\t\t\t<\/script>\n\t\t\t<\/rs-module-wrap>\n\t\t\t<!-- END REVOLUTION SLIDER -->\n[\/vc_column][\/vc_row]\n<\/body><\/div>","protected":false},"excerpt":{"rendered":"<p>[vc_row][vc_column][vc_column_text css_animation=\u201dleft-to-right\u201d] Frauentreffen [\/vc_column_text][\/vc_column][\/vc_row][vc_row][vc_column width=\u201d1\/4\u2033][\/vc_column][vc_column width=\u201d1\/2\u2033][vc_column_text css_animation=\u201dappear\u201d]\u2026dass sich die alten Frauen gleicherweise so verhalten sollen, wie es Heiligen geziemt, dass [&hellip;]<\/p>\n","protected":false},"author":5,"featured_media":0,"parent":0,"menu_order":0,"comment_status":"open","ping_status":"open","template":"","meta":{"_exactmetrics_skip_tracking":false,"_exactmetrics_sitenote_active":false,"_exactmetrics_sitenote_note":"","_exactmetrics_sitenote_category":0,"footnotes":""},"class_list":["post-1302","page","type-page","status-publish","hentry"],"jetpack_sharing_enabled":true,"jetpack_shortlink":"https:\/\/wp.me\/P6BAUr-l0","publishpress_future_action":{"enabled":false,"date":"2026-05-07 08:04:29","action":"change-status","newStatus":"private","terms":[],"taxonomy":"translation_priority","extraData":[]},"publishpress_future_workflow_manual_trigger":{"enabledWorkflows":[]},"_links":{"self":[{"href":"http:\/\/iglesia-latina.de\/de\/wp-json\/wp\/v2\/pages\/1302\/"}],"collection":[{"href":"http:\/\/iglesia-latina.de\/de\/wp-json\/wp\/v2\/pages\/"}],"about":[{"href":"http:\/\/iglesia-latina.de\/de\/wp-json\/wp\/v2\/types\/page\/"}],"author":[{"embeddable":true,"href":"http:\/\/iglesia-latina.de\/de\/wp-json\/wp\/v2\/users\/5\/"}],"replies":[{"embeddable":true,"href":"http:\/\/iglesia-latina.de\/de\/wp-json\/wp\/v2\/comments\/?post=1302"}],"version-history":[{"count":4,"href":"http:\/\/iglesia-latina.de\/de\/wp-json\/wp\/v2\/pages\/1302\/revisions\/"}],"predecessor-version":[{"id":2211,"href":"http:\/\/iglesia-latina.de\/de\/wp-json\/wp\/v2\/pages\/1302\/revisions\/2211\/"}],"wp:attachment":[{"href":"http:\/\/iglesia-latina.de\/de\/wp-json\/wp\/v2\/media\/?parent=1302"}],"curies":[{"name":"wp","href":"https:\/\/api.w.org\/{rel}","templated":true}]}}