{"id":1290,"date":"2016-02-13T20:33:34","date_gmt":"2016-02-13T19:33:34","guid":{"rendered":"http:\/\/iglesia-latina.de\/de\/?page_id=1290"},"modified":"2019-05-03T23:06:52","modified_gmt":"2019-05-03T22:06:52","slug":"hauskreise","status":"publish","type":"page","link":"http:\/\/iglesia-latina.de\/de\/hauskreise\/","title":{"rendered":"HAUSKREISE"},"content":{"rendered":"<div class=\"wpb-content-wrapper\"><body>[vc_row][vc_column][vc_column_text css_animation=\u201dleft-to-right\u201d]\n<h1>Hauskreise<\/h1>\n[\/vc_column_text][\/vc_column][\/vc_row][vc_row][vc_column width=\u201d1\/2\u2033][vc_column_text css_animation=\u201dleft-to-right\u201d]<em>\u201c Siehe, wie fein und lieblich ist es, da\u00df Br\u00fcder eintr\u00e4chtig <\/em><em>beieinander wohnen!\u201d Psalm 133:1<\/em><\/p>\n<p>Die Gemeinde versammelt sich auch in kleinen Gruppen in verschieden H\u00e4usern, um \u00fcber das Wort Gottes zu sprechen, zusammen zu beten, zu singen und eine gemeinsame Zeit zu verbringen. Ziel der Hauskreise ist es, neue Gl\u00e4ubige zu betreuen und in der Gemeinde zu integrieren.[\/vc_column_text][\/vc_column][vc_column width=\u201d1\/2\u2033][vc_column_text css_animation=\u201dleft-to-right\u201d]Man erlebt sehr freudige Momente, und man hat die M\u00f6glichkeit mit den anderen zu sprechen und den anderen n\u00e4her kennen zu lernen. \u00dcber neue Ideen eines jeden einzelnen freuen wir uns. Genauso haben wir ein offenes Ohr f\u00fcr die Sorgen eines jeden.<\/p>\n<p>Die Hauskreise werden von Pastor Luis Antonio de la Pe\u00f1a und seiner Frau Maricarmen Pedraza geleitet.[\/vc_column_text][\/vc_column][\/vc_row][vc_row][vc_column][rev_slider_vc alias=\u201dgrupo_vida\u201d][\/vc_column][\/vc_row]\n<\/body><\/div>","protected":false},"excerpt":{"rendered":"<p>[vc_row][vc_column][vc_column_text css_animation=\u201dleft-to-right\u201d] Hauskreise [\/vc_column_text][\/vc_column][\/vc_row][vc_row][vc_column width=\u201d1\/2\u2033][vc_column_text css_animation=\u201dleft-to-right\u201d]\u201c Siehe, wie fein und lieblich ist es, da\u00df Br\u00fcder eintr\u00e4chtig beieinander wohnen!\u201d Psalm 133:1 [&hellip;]<\/p>\n","protected":false},"author":5,"featured_media":0,"parent":0,"menu_order":0,"comment_status":"open","ping_status":"open","template":"","meta":{"_exactmetrics_skip_tracking":false,"_exactmetrics_sitenote_active":false,"_exactmetrics_sitenote_note":"","_exactmetrics_sitenote_category":0,"footnotes":""},"class_list":["post-1290","page","type-page","status-publish","hentry"],"jetpack_sharing_enabled":true,"jetpack_shortlink":"https:\/\/wp.me\/P6BAUr-kO","publishpress_future_action":{"enabled":false,"date":"2026-05-21 19:40:01","action":"change-status","newStatus":"private","terms":[],"taxonomy":"translation_priority","extraData":[]},"publishpress_future_workflow_manual_trigger":{"enabledWorkflows":[]},"_links":{"self":[{"href":"http:\/\/iglesia-latina.de\/de\/wp-json\/wp\/v2\/pages\/1290\/"}],"collection":[{"href":"http:\/\/iglesia-latina.de\/de\/wp-json\/wp\/v2\/pages\/"}],"about":[{"href":"http:\/\/iglesia-latina.de\/de\/wp-json\/wp\/v2\/types\/page\/"}],"author":[{"embeddable":true,"href":"http:\/\/iglesia-latina.de\/de\/wp-json\/wp\/v2\/users\/5\/"}],"replies":[{"embeddable":true,"href":"http:\/\/iglesia-latina.de\/de\/wp-json\/wp\/v2\/comments\/?post=1290"}],"version-history":[{"count":4,"href":"http:\/\/iglesia-latina.de\/de\/wp-json\/wp\/v2\/pages\/1290\/revisions\/"}],"predecessor-version":[{"id":2088,"href":"http:\/\/iglesia-latina.de\/de\/wp-json\/wp\/v2\/pages\/1290\/revisions\/2088\/"}],"wp:attachment":[{"href":"http:\/\/iglesia-latina.de\/de\/wp-json\/wp\/v2\/media\/?parent=1290"}],"curies":[{"name":"wp","href":"https:\/\/api.w.org\/{rel}","templated":true}]}}