{"id":1281,"date":"2016-02-13T20:18:38","date_gmt":"2016-02-13T19:18:38","guid":{"rendered":"http:\/\/iglesia-latina.de\/de\/?page_id=1281"},"modified":"2019-06-13T15:23:05","modified_gmt":"2019-06-13T14:23:05","slug":"evangelisierung","status":"publish","type":"page","link":"http:\/\/iglesia-latina.de\/de\/evangelisierung\/","title":{"rendered":"EVANGELISIERUNG"},"content":{"rendered":"<div class=\"wpb-content-wrapper\"><body>[vc_row][vc_column][vc_column_text css_animation=\u201dleft-to-right\u201d]\n<h1>Evangelisierung<\/h1>\n[\/vc_column_text][\/vc_column][\/vc_row][vc_row top_margin=\u201d0\u2033 bottom_margin=\u201d0\u2033 css=\u201d.vc_custom_1455446303862{padding-bottom: 50px !important;}\u201d][vc_column width=\u201d1\/2\u2033][vc_column_text css_animation=\u201dleft-to-right\u201d]F\u00fcr die Evangelisation gibt es eine Gruppe, die verantwortlich ist, alle Besucher in der Gemeinde herzlich zu begr\u00fc\u00dfen. Insbesondere alle, die zum ersten Mal kommen. Zusammen mit dem Pastor und seiner Frau betreut das Team alle Besucher, die einen pers\u00f6nlichen Kontakt w\u00fcnschen.<\/p>\n[\/vc_column_text][\/vc_column][vc_column width=\u201d1\/2\u2033][vc_column_text css_animation=\u201dright-to-left\u201d]Das Evangelisationsteam teil das Wort Gottes laut Matth\u00e4us 28:19 \u201c Darum gehet hin und lehret alle V\u00f6lker und taufet sie im Namen des Vaters und des Sohnes und des Heiligen Geistes\u201c.[\/vc_column_text][\/vc_column][\/vc_row][vc_row css=\u201d.vc_custom_1415315272957{margin-top: -50px !important;}\u201d][vc_column]<div class=\"fw-section hb-fw-69e05740e96c1 without-border no-overlay dark-text-color\" style=\"background-image:url(https:\/\/i0.wp.com\/iglesia-latina.de\/wp-content\/uploads\/2015\/06\/ujires_puerta_mato2015-e1433183019733.jpg?fit=910%2C417);padding-top:550px;padding-bottom:30px;\"><div class=\"row fw-content-wrap\"><div class=\"col-12 nbm\"><\/div><\/div><div class=\"video-overlay no-overlay\"><\/div><\/div>[\/vc_column][\/vc_row]\n<\/body><\/div>","protected":false},"excerpt":{"rendered":"<p>[vc_row][vc_column][vc_column_text css_animation=\u201dleft-to-right\u201d] Evangelisierung [\/vc_column_text][\/vc_column][\/vc_row][vc_row top_margin=\u201d0\u2033 bottom_margin=\u201d0\u2033 css=\u201d.vc_custom_1455446303862{padding-bottom: 50px !important;}\u201d][vc_column width=\u201d1\/2\u2033][vc_column_text css_animation=\u201dleft-to-right\u201d]F\u00fcr die Evangelisation gibt es eine Gruppe, die verantwortlich ist, [&hellip;]<\/p>\n","protected":false},"author":5,"featured_media":0,"parent":0,"menu_order":0,"comment_status":"open","ping_status":"open","template":"","meta":{"_exactmetrics_skip_tracking":false,"_exactmetrics_sitenote_active":false,"_exactmetrics_sitenote_note":"","_exactmetrics_sitenote_category":0,"footnotes":""},"class_list":["post-1281","page","type-page","status-publish","hentry"],"jetpack_sharing_enabled":true,"jetpack_shortlink":"https:\/\/wp.me\/P6BAUr-kF","publishpress_future_action":{"enabled":false,"date":"2026-04-23 04:28:01","action":"change-status","newStatus":"private","terms":[],"taxonomy":"translation_priority","extraData":[]},"publishpress_future_workflow_manual_trigger":{"enabledWorkflows":[]},"_links":{"self":[{"href":"http:\/\/iglesia-latina.de\/de\/wp-json\/wp\/v2\/pages\/1281\/"}],"collection":[{"href":"http:\/\/iglesia-latina.de\/de\/wp-json\/wp\/v2\/pages\/"}],"about":[{"href":"http:\/\/iglesia-latina.de\/de\/wp-json\/wp\/v2\/types\/page\/"}],"author":[{"embeddable":true,"href":"http:\/\/iglesia-latina.de\/de\/wp-json\/wp\/v2\/users\/5\/"}],"replies":[{"embeddable":true,"href":"http:\/\/iglesia-latina.de\/de\/wp-json\/wp\/v2\/comments\/?post=1281"}],"version-history":[{"count":7,"href":"http:\/\/iglesia-latina.de\/de\/wp-json\/wp\/v2\/pages\/1281\/revisions\/"}],"predecessor-version":[{"id":2137,"href":"http:\/\/iglesia-latina.de\/de\/wp-json\/wp\/v2\/pages\/1281\/revisions\/2137\/"}],"wp:attachment":[{"href":"http:\/\/iglesia-latina.de\/de\/wp-json\/wp\/v2\/media\/?parent=1281"}],"curies":[{"name":"wp","href":"https:\/\/api.w.org\/{rel}","templated":true}]}}