{"id":1278,"date":"2016-02-13T20:11:20","date_gmt":"2016-02-13T19:11:20","guid":{"rendered":"http:\/\/iglesia-latina.de\/de\/?page_id=1278"},"modified":"2021-04-29T18:13:04","modified_gmt":"2021-04-29T17:13:04","slug":"kontakt","status":"publish","type":"page","link":"http:\/\/iglesia-latina.de\/de\/kontakt\/","title":{"rendered":"KONTAKT"},"content":{"rendered":"<div class=\"wpb-content-wrapper\"><body>[vc_row][vc_column]<div class=\"fw-section without-border\" style=\"margin-top: -50px;\"><div class=\"shortcode-wrapper shortcode-map-embed clearfix hb-animate-element hb-scale-up\" data-delay=\"0\"><div class=\"map-wrapper shadow\"><div class=\"hb-gmap-map\" data-api-key=\"\" data-show-location=\"-1\" data-map-level=\"16\" data-map-lat=\"50,118730\" data-map-lng=\"8,679960\" data-map-img=\"http:\/\/iglesia-latina.de\/wp-content\/uploads\/2014\/10\/favicon57.png\" data-overlay-color=\"#571e1c\" style=\"height:800pxpx;\"><\/div><\/div><\/div><\/div>[\/vc_column][\/vc_row][vc_row css=\u201d.vc_custom_1412718954520{margin-top: 50px !important;margin-bottom: 50px !important;}\u201d][vc_column][vc_column_text css_animation=\u201dappear\u201d]\n<h1 style=\"text-align: center;\"><strong>Iglesia Cristiana Latinoamericana<\/strong><\/h1>\n<h1 style=\"text-align: center;\"><strong>c\/o Freie Evangelische Gemeinde<\/strong><\/h1>\n<p style=\"text-align: center;\">Oeder Weg 6 (gegen\u00fcber\u00a0Metropolis Kino),\u00a060318 Frankfurt am Main,\u00a0Alemania<\/p>\n[\/vc_column_text][\/vc_column][\/vc_row][vc_row][vc_column width=\u201d1\/4\u2033][vc_column_text]\n<h2>Mit der U-Bahn<\/h2>\n<p>U<sub>1<\/sub>, U<sub>2<\/sub>. U<sub>3<\/sub> o U<sub>8\u00a0<\/sub>Haltestelle: Eschenheimer Tor[\/vc_column_text][\/vc_column][vc_column width=\u201d1\/4\u2033][vc_column_text css_animation=\u201dleft-to-right\u201d]\n<h2>Mit dem Bus<\/h2>\n<p>Bus 36 in der Haltestelle: Escheinheimer Tor[\/vc_column_text][\/vc_column][vc_column width=\u201d1\/4\u2033][vc_column_text css_animation=\u201dright-to-left\u201d]\n<h2>Mit dem Auto<\/h2>\n<p>Sie k\u00f6nnen uns in der Google Map finden.<\/p>\n<p>Es ist sehr schwer, einen Parkplatz zu finden, deswegen empfehlen wir, gen\u00fcgend Zeit f\u00fcr die Parkplatzsuche mitzubringen oder \u00f6ffentliche Verkehrsmittel zu benutzen.[\/vc_column_text][\/vc_column][vc_column width=\u201d1\/4\u2033][vc_column_text css_animation=\u201dright-to-left\u201d]\n<h2>Zu Fu\u00df<\/h2>\n<p>Von der Hauptwache ca. 5 bis 10 Min. zu Fu\u00df[\/vc_column_text][\/vc_column][\/vc_row][vc_row][vc_column width=\u201d1\/3\u2033][vc_column_text css_animation=\u201dleft-to-right\u201d]\n<h2>Pastor<\/h2>\n<p>D. Luis Antonio de la Pe\u00f1a<\/p>\n<p>Email: pastorado@iglesia-latina.de<br>\n[\/vc_column_text][\/vc_column][vc_column width=\u201d1\/3\u2033][vc_column_text]\n<h2>Gemeindeb\u00fcro<\/h2>\n<p>Carlos Arroyo<\/p>\n<p>Email: oficina@iglesia-latina.de[\/vc_column_text][\/vc_column][vc_column width=\u201d1\/3\u2033][vc_column_text css_animation=\u201dright-to-left\u201d]\n<h2>Bankverbindung:<\/h2>\n<p>Verband der Missions-Allianz-Kirche Dtl e.V. Frankfurt<br>\nIBAN: DE44 5004 0000 0322 3419 00<br>\nBIC: COBADEFFXXX<br>\nBLZ:\u00a0 50040000<br>\nCommerzbank[\/vc_column_text][\/vc_column][\/vc_row][vc_row][vc_column]<div class=\"fw-section hb-fw-69e9e805b3400 without-border no-overlay dark-text-color\" style=\"background-image:url(https:\/\/i0.wp.com\/iglesia-latina.de\/wp-content\/uploads\/2015\/06\/IMG_20150523_112402060_HDR-e1433440806271.jpg?fit=1024%2C575);padding-top:250px;padding-bottom:250px;\"><div class=\"row fw-content-wrap\"><div class=\"col-12 nbm\"><\/div><\/div><div class=\"video-overlay no-overlay\"><\/div><\/div>[\/vc_column][\/vc_row]\n<\/body><\/div>","protected":false},"excerpt":{"rendered":"<p>[vc_row][vc_column][\/vc_column][\/vc_row][vc_row css=\u201d.vc_custom_1412718954520{margin-top: 50px !important;margin-bottom: 50px !important;}\u201d][vc_column][vc_column_text css_animation=\u201dappear\u201d] Iglesia Cristiana Latinoamericana c\/o Freie Evangelische Gemeinde Oeder Weg 6 (gegen\u00fcber\u00a0Metropolis Kino),\u00a060318 Frankfurt [&hellip;]<\/p>\n","protected":false},"author":5,"featured_media":0,"parent":0,"menu_order":0,"comment_status":"open","ping_status":"open","template":"","meta":{"_exactmetrics_skip_tracking":false,"_exactmetrics_sitenote_active":false,"_exactmetrics_sitenote_note":"","_exactmetrics_sitenote_category":0,"footnotes":""},"class_list":["post-1278","page","type-page","status-publish","hentry"],"jetpack_sharing_enabled":true,"jetpack_shortlink":"https:\/\/wp.me\/P6BAUr-kC","publishpress_future_action":{"enabled":false,"date":"2026-04-30 10:36:05","action":"change-status","newStatus":"private","terms":[],"taxonomy":"translation_priority","extraData":[]},"publishpress_future_workflow_manual_trigger":{"enabledWorkflows":[]},"_links":{"self":[{"href":"http:\/\/iglesia-latina.de\/de\/wp-json\/wp\/v2\/pages\/1278\/"}],"collection":[{"href":"http:\/\/iglesia-latina.de\/de\/wp-json\/wp\/v2\/pages\/"}],"about":[{"href":"http:\/\/iglesia-latina.de\/de\/wp-json\/wp\/v2\/types\/page\/"}],"author":[{"embeddable":true,"href":"http:\/\/iglesia-latina.de\/de\/wp-json\/wp\/v2\/users\/5\/"}],"replies":[{"embeddable":true,"href":"http:\/\/iglesia-latina.de\/de\/wp-json\/wp\/v2\/comments\/?post=1278"}],"version-history":[{"count":6,"href":"http:\/\/iglesia-latina.de\/de\/wp-json\/wp\/v2\/pages\/1278\/revisions\/"}],"predecessor-version":[{"id":2744,"href":"http:\/\/iglesia-latina.de\/de\/wp-json\/wp\/v2\/pages\/1278\/revisions\/2744\/"}],"wp:attachment":[{"href":"http:\/\/iglesia-latina.de\/de\/wp-json\/wp\/v2\/media\/?parent=1278"}],"curies":[{"name":"wp","href":"https:\/\/api.w.org\/{rel}","templated":true}]}}