{"id":1270,"date":"2016-02-13T19:39:23","date_gmt":"2016-02-13T18:39:23","guid":{"rendered":"http:\/\/iglesia-latina.de\/de\/?page_id=1270"},"modified":"2017-12-29T11:58:23","modified_gmt":"2017-12-29T10:58:23","slug":"kindergottesdienst","status":"publish","type":"page","link":"http:\/\/iglesia-latina.de\/de\/kindergottesdienst\/","title":{"rendered":"KINDERGOTTESDIENST"},"content":{"rendered":"<div class=\"wpb-content-wrapper\"><body>[vc_row][vc_column][vc_column_text css_animation=\u201dleft-to-right\u201d]\n<h1>Kindergottesdienst<\/h1>\n[\/vc_column_text][\/vc_column][\/vc_row][vc_row][vc_column width=\u201d1\/2\u2033][vc_column_text css_animation=\u201dleft-to-right\u201d]Alle Kinder in der Gemeinde werden jeden Sonntag mit Liebe von dem Kinderteam betreut. Durch Lieder, biblische Geschichten und Spiele lernen die Kinder in einem fr\u00fchen Alter die Liebe Gottes f\u00fcr die Menschen kennen, und sie h\u00f6ren die frohe Botschaft der Erl\u00f6sung. In dieser Form wachsen Ihre Kinder in der Erkenntnis \u00fcber Jesus Christus.<\/p>\n<p style=\"text-align: center;\"><em>\u201e wie man einen Knaben gew\u00f6hnt, so l\u00e4sst er<br>\nnicht davon, wenn er alt wird\u201c Spr\u00fcche 22:6<\/em><\/p>\n[\/vc_column_text][\/vc_column][vc_column width=\u201d1\/2\u2033][vc_column_text css_animation=\u201dright-to-left\u201d]Der Kindesgottesdienst f\u00e4ngt um 17.30 Uhr an. Wir bieten folgende Kurse an:<br>\nKrippe: von 1 bis 3 Jahre<br>\nKleinkinder: von 4 bis 5 Jahre<br>\nKleine Kinder: von 6 bis 8 Jahre<br>\nGro\u00dfe Kinder: von 9 bis 12 Jahre<br>\nJugendliche: von 13 bis 15 Jahre[\/vc_column_text][\/vc_column][\/vc_row][vc_row][vc_column width=\u201d1\/2\u2033][\/vc_column][\/vc_row][vc_row][vc_column][rev_slider_vc alias=\u201dninos\u201d][\/vc_column][\/vc_row]\n<\/body><\/div>","protected":false},"excerpt":{"rendered":"<p>[vc_row][vc_column][vc_column_text css_animation=\u201dleft-to-right\u201d] Kindergottesdienst [\/vc_column_text][\/vc_column][\/vc_row][vc_row][vc_column width=\u201d1\/2\u2033][vc_column_text css_animation=\u201dleft-to-right\u201d]Alle Kinder in der Gemeinde werden jeden Sonntag mit Liebe von dem Kinderteam betreut. Durch [&hellip;]<\/p>\n","protected":false},"author":5,"featured_media":0,"parent":0,"menu_order":0,"comment_status":"open","ping_status":"open","template":"","meta":{"_exactmetrics_skip_tracking":false,"_exactmetrics_sitenote_active":false,"_exactmetrics_sitenote_note":"","_exactmetrics_sitenote_category":0,"footnotes":""},"class_list":["post-1270","page","type-page","status-publish","hentry"],"jetpack_sharing_enabled":true,"jetpack_shortlink":"https:\/\/wp.me\/P6BAUr-ku","publishpress_future_action":{"enabled":false,"date":"2026-04-30 10:29:22","action":"change-status","newStatus":"private","terms":[],"taxonomy":"translation_priority","extraData":[]},"publishpress_future_workflow_manual_trigger":{"enabledWorkflows":[]},"_links":{"self":[{"href":"http:\/\/iglesia-latina.de\/de\/wp-json\/wp\/v2\/pages\/1270\/"}],"collection":[{"href":"http:\/\/iglesia-latina.de\/de\/wp-json\/wp\/v2\/pages\/"}],"about":[{"href":"http:\/\/iglesia-latina.de\/de\/wp-json\/wp\/v2\/types\/page\/"}],"author":[{"embeddable":true,"href":"http:\/\/iglesia-latina.de\/de\/wp-json\/wp\/v2\/users\/5\/"}],"replies":[{"embeddable":true,"href":"http:\/\/iglesia-latina.de\/de\/wp-json\/wp\/v2\/comments\/?post=1270"}],"version-history":[{"count":3,"href":"http:\/\/iglesia-latina.de\/de\/wp-json\/wp\/v2\/pages\/1270\/revisions\/"}],"predecessor-version":[{"id":1774,"href":"http:\/\/iglesia-latina.de\/de\/wp-json\/wp\/v2\/pages\/1270\/revisions\/1774\/"}],"wp:attachment":[{"href":"http:\/\/iglesia-latina.de\/de\/wp-json\/wp\/v2\/media\/?parent=1270"}],"curies":[{"name":"wp","href":"https:\/\/api.w.org\/{rel}","templated":true}]}}