{"id":1259,"date":"2016-02-13T18:27:04","date_gmt":"2016-02-13T17:27:04","guid":{"rendered":"http:\/\/iglesia-latina.de\/de\/?page_id=1259"},"modified":"2017-12-29T23:20:45","modified_gmt":"2017-12-29T22:20:45","slug":"misson-vision","status":"publish","type":"page","link":"http:\/\/iglesia-latina.de\/de\/misson-vision\/","title":{"rendered":"MISSON \/ VISION"},"content":{"rendered":"<div class=\"wpb-content-wrapper\"><body>[vc_row][vc_column width=\u201d1\/2\u2033][vc_column_text css_animation=\u201dleft-to-right\u201d]\n<h1>Mission<\/h1>\n[\/vc_column_text][vc_column_text css_animation=\u201dleft-to-right\u201d]Unsere Mission ist, Jesus zu verk\u00fcnden, Ihn als Retter, Heiland und K\u00f6nig zu verherrlichen und die frohe Botschaft weiterzusagen.<\/p>\n<p>Es ist die Verk\u00fcndigung von: der Wahrheit des Wort Gottes, der Herrschaft von Jesus, der Person und des Werkes des Heiligen Geistes und der R\u00fcckkehr von Jesus. Dazu geh\u00f6rt auch das Evangelisieren und Nachfolger f\u00fcr Jesus zu gewinnen.<\/p>\n<p>Dabei konzentrieren wir uns in erster Linie auf spanischsprechende Menschen und bieten auch eine Seelsorge an.[\/vc_column_text][\/vc_column][vc_column width=\u201d1\/2\u2033][vc_column_text css_animation=\u201dright-to-left\u201d]\n<h1>Vision<\/h1>\n[\/vc_column_text][vc_column_text css_animation=\u201dright-to-left\u201d]Unsere Vision ist es, eine gro\u00dfe Familie zu sein, in der alle Mitglieder eine tiefe Beziehung mit Gott erleben und im Glauben wachsen k\u00f6nnen.[\/vc_column_text][vc_column_text css_animation=\u201dright-to-left\u201d css=\u201d.vc_custom_1514585998665{border-top-width: 20px !important;}\u201d]\n<h1>Unser Motto<\/h1>\n<h2>Weit weg von Zuhause, nahe bei Gott<\/h2>\n[\/vc_column_text][\/vc_column][\/vc_row][vc_row top_margin=\u201d0\u2033 bottom_margin=\u201d0\u2033 css=\u201d.vc_custom_1514586033170{margin-top: 50px !important;}\u201d][vc_column css=\u201d.vc_custom_1430852005426{border-top-width: 10px !important;}\u201d]<div class=\"fw-section hb-fw-69f50a19a025f without-border no-overlay dark-text-color\" style=\"background-image:url(https:\/\/i0.wp.com\/iglesia-latina.de\/wp-content\/uploads\/2015\/06\/iglesia-II-e1433188367252.jpg?fit=1024%2C647);padding-top:400px;padding-bottom:400px;\"><div class=\"row fw-content-wrap\"><div class=\"col-12 nbm\"><\/div><\/div><div class=\"video-overlay no-overlay\"><\/div><\/div>[\/vc_column][\/vc_row]\n<\/body><\/div>","protected":false},"excerpt":{"rendered":"<p>[vc_row][vc_column width=\u201d1\/2\u2033][vc_column_text css_animation=\u201dleft-to-right\u201d] Mission [\/vc_column_text][vc_column_text css_animation=\u201dleft-to-right\u201d]Unsere Mission ist, Jesus zu verk\u00fcnden, Ihn als Retter, Heiland und K\u00f6nig zu verherrlichen und [&hellip;]<\/p>\n","protected":false},"author":5,"featured_media":0,"parent":0,"menu_order":0,"comment_status":"open","ping_status":"open","template":"","meta":{"_exactmetrics_skip_tracking":false,"_exactmetrics_sitenote_active":false,"_exactmetrics_sitenote_note":"","_exactmetrics_sitenote_category":0,"footnotes":""},"class_list":["post-1259","page","type-page","status-publish","hentry"],"jetpack_sharing_enabled":true,"jetpack_shortlink":"https:\/\/wp.me\/P6BAUr-kj","publishpress_future_action":{"enabled":false,"date":"2026-05-08 21:16:25","action":"change-status","newStatus":"private","terms":[],"taxonomy":"translation_priority","extraData":[]},"publishpress_future_workflow_manual_trigger":{"enabledWorkflows":[]},"_links":{"self":[{"href":"http:\/\/iglesia-latina.de\/de\/wp-json\/wp\/v2\/pages\/1259\/"}],"collection":[{"href":"http:\/\/iglesia-latina.de\/de\/wp-json\/wp\/v2\/pages\/"}],"about":[{"href":"http:\/\/iglesia-latina.de\/de\/wp-json\/wp\/v2\/types\/page\/"}],"author":[{"embeddable":true,"href":"http:\/\/iglesia-latina.de\/de\/wp-json\/wp\/v2\/users\/5\/"}],"replies":[{"embeddable":true,"href":"http:\/\/iglesia-latina.de\/de\/wp-json\/wp\/v2\/comments\/?post=1259"}],"version-history":[{"count":6,"href":"http:\/\/iglesia-latina.de\/de\/wp-json\/wp\/v2\/pages\/1259\/revisions\/"}],"predecessor-version":[{"id":1795,"href":"http:\/\/iglesia-latina.de\/de\/wp-json\/wp\/v2\/pages\/1259\/revisions\/1795\/"}],"wp:attachment":[{"href":"http:\/\/iglesia-latina.de\/de\/wp-json\/wp\/v2\/media\/?parent=1259"}],"curies":[{"name":"wp","href":"https:\/\/api.w.org\/{rel}","templated":true}]}}