{"id":1251,"date":"2016-02-13T18:10:00","date_gmt":"2016-02-13T17:10:00","guid":{"rendered":"http:\/\/iglesia-latina.de\/de\/?page_id=1251"},"modified":"2016-02-13T18:13:53","modified_gmt":"2016-02-13T17:13:53","slug":"woran-glauben-wir","status":"publish","type":"page","link":"http:\/\/iglesia-latina.de\/de\/woran-glauben-wir\/","title":{"rendered":"WORAN GLAUBEN WIR?"},"content":{"rendered":"<div class=\"wpb-content-wrapper\"><body>[vc_row][vc_column][vc_column_text]\n<h1>Woran glauben wir?<\/h1>\n[\/vc_column_text][\/vc_column][\/vc_row][vc_row][vc_column][vc_column_text css_animation=\u201dleft-to-right\u201d]\n<h1>Die Iglesia Cristiana Latinoamericana basiert auf Ihrem glauben an die Bibel<\/h1>\n<h2><\/h2>\n<h2>Hier finden Sie eine Zusammenfassung \u00fcber unseren Glauben:<\/h2>\n[\/vc_column_text][vc_row_inner css=\u201d.vc_custom_1415229032317{margin-top: 50px !important;}\u201d][vc_column_inner width=\u201d1\/3\u2033][vc_column_text css_animation=\u201dleft-to-right\u201d]<span class=\"dropcap simple\">1<\/span><span class=\"s1\">Es gibt einen Gott, der allm\u00e4chtig (1.Mose 17, 1) und vollkommen (Matth. 5, 48) ist und sich in drei Personen offenbart: Gott der Vater (1.Kor. 8, 6), Gott der Sohn (R\u00f6m. 9, 5) und Gott der Heilige Geist (Apg. 5, 3.4)<\/span>[\/vc_column_text][vc_column_text css_animation=\u201dleft-to-right\u201d]<span class=\"dropcap simple\">2<\/span>\n<p class=\"p1\"><span class=\"s1\">Jesus Christus ist wahrer Gott (1 Joh. 5,20) und wahrer Mensch (Joh. 1.14). Er wurde vom Heiligen Geist empfangen und von der Jungfrau Maria geboren (Matth. 1, 18-25). Er starb am Kreuz als Gerechter f\u00fcr die Ungerechten (1.Petr. 3, 18), als ein stellvertretendes Opfer (Hebr. 10, 10). Alle, die an ihn glauben, werden auf Grund seines vergossenen Blutes gerechtfertigt (R\u00f6m. 5, 1-9). Er stand von den Toten auf, wie es der Schrift entspricht (1. Kor. 15, 4). Er sitzt jetzt als unser gro\u00dfer Hohepriester zur Rechten der Majest\u00e4t in der H\u00f6he (Hebr. 8, 1). Er wird wiederkommen (Apg. 1, 11), um sein Reich der Gerechtigkeit und des Friedens aufzurichten (Offenb. 9,6)<\/span><\/p>\n[\/vc_column_text][vc_column_text css_animation=\u201dleft-to-right\u201d]<span class=\"dropcap simple\">3<\/span><span class=\"s1\">Der Heilige Geist ist eine Person der Gottheit (Apg. 5, 3.4), gesandt um in dem\u00a0<\/span><span style=\"line-height: 1.5;\">Gl\u00e4ubigen zu wohnen (R\u00f6m. 8, 9), ihn zu f\u00fchren (R\u00f6m. 8, 14), zu lehren (Joh. 16, 13.14) und zu st\u00e4rken (1. Petr. 5, 10) und der Welt zu lehren, was S\u00fcnde, Gerechtigkeit und Gericht ist (Joh. 16, 8-11).<\/span>[\/vc_column_text][vc_column_text]<span class=\"dropcap simple\">4<\/span><span class=\"s1\">Das ewige Leben kommt aus dem Glauben, d.h. aus dem Vertrauen in Jesus als Erl\u00f6ser.<\/span>[\/vc_column_text][\/vc_column_inner][vc_column_inner width=\u201d1\/3\u2033][vc_column_text css_animation=\u201dappear\u201d]<span class=\"dropcap simple\">5<\/span><span class=\"s1\">Das Alte und das Neue Testament sind in ihrer urspr\u00fcnglichen Form unfehlbar (2. Petr. 1, 21), wurden von Gott w\u00f6rtlich eingegeben und sind eine vollst\u00e4ndige Offenbarung seines Willens f\u00fcr das Heil der Menschen. Sie stellen die g\u00f6ttliche und zugleich die einzige Richtschnur f\u00fcr den christlichen Glauben und das christlichen Leben dar (2. Tim. 3, 15-17).<\/span>[\/vc_column_text][vc_column_text css_animation=\u201dappear\u201d]<span class=\"dropcap simple\">6<\/span><span class=\"s1\">Der Mensch wurde urspr\u00fcnglich zum Ebenbild Gottes geschaffen (1. Mose 1, 27). Er fiel wegen seines Ungehorsams (Rom. 5, 19) und zog sich dadurch sowohl den leiblichen (1. Mose 3, 19) als auch den geistlichen Tod zu (R\u00f6m. 6, 23). Alle Menschen werden mit einem s\u00fcndigen Wesen geboren (Psalm 51, 7), sind vom Leben Gottes getrennt (Epheser 4, 18) und k\u00f6nnen nur durch das vers\u00f6hnende Werk des Herrn Jesus Christus gerettet werden (Apg. 4, 12). Das Schicksal der Ungl\u00e4ubigen ist ewige Qual (Offenb. 20, 15), das der Gl\u00e4ubigen ist ewige Freude und Seligkeit (Offenb. 21, 3.4).<\/span>[\/vc_column_text][vc_column_text css_animation=\u201dappear\u201d]<span class=\"dropcap simple\">7<\/span><span class=\"s1\">Das Heil wurde durch Jesus Christus f\u00fcr alle Menschen bereitet (Joh. 3, 16.17). Diejenigen, die Bu\u00dfe tun und an ihn glauben, werden vom Heiligen Geist wiedergeboren (Joh. 3, 3ff.), empfangen die Gabe des ewigen Lebens (Joh. 6, 47) und werden Kinder Gottes (Joh. 1, 12)<\/span>[\/vc_column_text][vc_column_text css_animation=\u201dappear\u201d]<span class=\"dropcap simple\">8<\/span><span class=\"s1\">Es ist Gottes Wille, dass jeder Gl\u00e4ubige mit dem Heiligen Geist erf\u00fcllt (Eph. 5, 18) und durch und durch geheiligt werde (1. Thess. 5, 23), dass er getrennt sei von S\u00fcnde und der Welt (2. Kor. 6, 14-18) und dem Willen Gottes ganz ergeben (R\u00f6m. 12, 2). Dadurch erh\u00e4lt er die Kraft f\u00fcr ein heiliges Leben (R\u00f6m. 15, 16) und einen wirksamen Dienst (Apg. 1, 8). Dieses wird im Leben des Gl\u00e4ubigen nach seiner Bekehrung in einer sowohl einmaligen (R\u00f6m. 12, 1) als auch fortschreitenden (Luk. 9, 23) Weise verwirklicht.<\/span>[\/vc_column_text][\/vc_column_inner][vc_column_inner width=\u201d1\/3\u2033][vc_column_text css_animation=\u201dright-to-left\u201d]<span class=\"dropcap simple\">9<\/span><span class=\"s1\">Der Heilsplan unseres Herrn Jesus Christus schlie\u00dft die volle F\u00fcrsorge f\u00fcr die an ihn Glaubenden ein (Joh. 10, 10); dazu geh\u00f6rt auch der sterbliche Leib. Das Gebet f\u00fcr die Kranken und die Salbung mit \u00d6l nach (Jak. 5, 14-16) sind Vorrechte auch f\u00fcr die Gemeinde von heute.<\/span>[\/vc_column_text][vc_column_text css_animation=\u201dright-to-left\u201d]<span class=\"dropcap simple\">10<\/span><span class=\"s1\">Die Gemeinde besteht aus denen, die an den Herrn Jesus Christus glauben, durch sein Blut erl\u00f6st und vom Heiligen Geist wiedergeboren sind (Apg. 2, 47). Christus ist das Haupt des Leibes, seiner Gemeinde (Kol. 1, 18), die von ihm beauftragt worden ist, in alle Welt zu gehen und V\u00f6lkern das Evangelium zu verk\u00fcnden (Matth. 28, 18-20).<br>\nDie Ortsgemeinde ist eine Gruppe von Gl\u00e4ubigen, die sich zusammenschlie\u00dft, um Gott anzubeten, durch das Wort Gottes erbaut zu werden,\u00a0 Gemeinschaft zu pflegen, das Evangelium zu verk\u00fcnden, F\u00fcrbitte zu leisten und die Verordnungen der Taufe und des Abendmahls auszuf\u00fchren (Apg. 2, 41-47).<\/span>[\/vc_column_text][vc_column_text css_animation=\u201dright-to-left\u201d]<span class=\"dropcap simple\">11<\/span><span class=\"s1\">Es wird eine leibliche Auferstehung (1. Kor. 15, 44) der Gerechten (1. Thess. 4, 13-17) und der Ungerechten (Offenb. 20, 11-15) geben. F\u00fcr die ersteren eine Auferstehung zum Leben, f\u00fcr die letzteren eine Auferstehung zum Gericht (Matth. 25,46).<\/span>[\/vc_column_text][vc_column_text]\n<p class=\"p1\"><span class=\"s1\"><span class=\"dropcap simple\">12<\/span>Die Wiederkunft des Herrn Jesus Christus steht bevor (1. Thess. 5, 2). Der Herr wird pers\u00f6nlich, sichtbar (Apg. 1, 11) und vor dem Tausendj\u00e4hrigen Reich (Offenb. 20, 4-6) wiederkehren. Dies ist die selige Hoffnung des Gl\u00e4ubigen und ist eine wichtige Wahrheit, die ein Ansporn zu heiligem Leben und treuem Dienst ist (2. Kor 7, 1).<\/span><\/p>\n[\/vc_column_text][\/vc_column_inner][\/vc_row_inner][\/vc_column][\/vc_row][vc_row][vc_column]<div class=\"fw-section hb-fw-6a0608f859cba without-border no-overlay dark-text-color\" style=\"padding-top:300px;padding-bottom:300px;\"><div class=\"row fw-content-wrap\"><div class=\"col-12 nbm\"><\/div><\/div><div class=\"video-overlay no-overlay\"><\/div><div class=\"hb-parallax-wrapper\" style=\"background-image:url(https:\/\/i0.wp.com\/iglesia-latina.de\/wp-content\/uploads\/2015\/06\/sepia-bible-e1433183677835.jpg?fit=1024%2C683);\"><\/div><\/div>[\/vc_column][\/vc_row]\n<\/body><\/div>","protected":false},"excerpt":{"rendered":"<p>[vc_row][vc_column][vc_column_text] Woran glauben wir? [\/vc_column_text][\/vc_column][\/vc_row][vc_row][vc_column][vc_column_text css_animation=\u201dleft-to-right\u201d] Die Iglesia Cristiana Latinoamericana basiert auf Ihrem glauben an die Bibel Hier finden Sie [&hellip;]<\/p>\n","protected":false},"author":4,"featured_media":0,"parent":0,"menu_order":0,"comment_status":"open","ping_status":"open","template":"","meta":{"_exactmetrics_skip_tracking":false,"_exactmetrics_sitenote_active":false,"_exactmetrics_sitenote_note":"","_exactmetrics_sitenote_category":0,"footnotes":""},"class_list":["post-1251","page","type-page","status-publish","hentry"],"jetpack_sharing_enabled":true,"jetpack_shortlink":"https:\/\/wp.me\/P6BAUr-kb","publishpress_future_action":{"enabled":false,"date":"2026-05-21 18:40:08","action":"change-status","newStatus":"private","terms":[],"taxonomy":"translation_priority","extraData":[]},"publishpress_future_workflow_manual_trigger":{"enabledWorkflows":[]},"_links":{"self":[{"href":"http:\/\/iglesia-latina.de\/de\/wp-json\/wp\/v2\/pages\/1251\/"}],"collection":[{"href":"http:\/\/iglesia-latina.de\/de\/wp-json\/wp\/v2\/pages\/"}],"about":[{"href":"http:\/\/iglesia-latina.de\/de\/wp-json\/wp\/v2\/types\/page\/"}],"author":[{"embeddable":true,"href":"http:\/\/iglesia-latina.de\/de\/wp-json\/wp\/v2\/users\/4\/"}],"replies":[{"embeddable":true,"href":"http:\/\/iglesia-latina.de\/de\/wp-json\/wp\/v2\/comments\/?post=1251"}],"version-history":[{"count":4,"href":"http:\/\/iglesia-latina.de\/de\/wp-json\/wp\/v2\/pages\/1251\/revisions\/"}],"predecessor-version":[{"id":1257,"href":"http:\/\/iglesia-latina.de\/de\/wp-json\/wp\/v2\/pages\/1251\/revisions\/1257\/"}],"wp:attachment":[{"href":"http:\/\/iglesia-latina.de\/de\/wp-json\/wp\/v2\/media\/?parent=1251"}],"curies":[{"name":"wp","href":"https:\/\/api.w.org\/{rel}","templated":true}]}}