{"id":1241,"date":"2016-02-13T17:41:53","date_gmt":"2016-02-13T16:41:53","guid":{"rendered":"http:\/\/iglesia-latina.de\/de\/?page_id=1241"},"modified":"2023-08-18T16:28:20","modified_gmt":"2023-08-18T15:28:20","slug":"home","status":"publish","type":"page","link":"http:\/\/iglesia-latina.de\/de\/","title":{"rendered":"Home"},"content":{"rendered":"<div class=\"wpb-content-wrapper\"><body>[vc_row disable_element=\u201dyes\u201d css=\u201d.vc_custom_1692372458127{margin-top: 35px !important;padding-top: 30px !important;padding-bottom: 30px !important;background-color: #e2f9b3 !important;}\u201d][vc_column][vc_column_text]\n<h2 style=\"text-align: center;\">Wir sind wieder da!<\/h2>\n[\/vc_column_text][vc_column_text css=\u201d.vc_custom_1688299916706{padding-right: 10% !important;padding-left: 10% !important;}\u201d]\n<p style=\"text-align: center;\">Zurzeit werden wir unsere Live Streams weiter anbieten, aber freuen uns nat\u00fcrlich wenn du uns besuchst.<\/p>\n[\/vc_column_text][vc_row_inner][vc_column_inner width=\u201d1\/3\u2033][\/vc_column_inner][vc_column_inner width=\u201d1\/3\u2033]<div class=\"hb-aligncenter\"><a href=\"iglesia-latina.de\/onlineangebot\" class=\"hb-button hb-emerald hb-large-button no-three-d\" target=\"_self\" style=\"-webkit-border-radius: 2px;-moz-border-radius: 2px;border-radius: 2px;\">Online Angebot<\/a><\/div>[\/vc_column_inner][vc_column_inner width=\u201d1\/3\u2033][\/vc_column_inner][\/vc_row_inner][\/vc_column][\/vc_row][vc_row disable_element=\u201dyes\u201d css=\u201d.vc_custom_1651388104588{margin-top: 35px !important;padding-top: 30px !important;padding-right: 5% !important;padding-bottom: 30px !important;padding-left: 5% !important;background-color: #edbdbd !important;}\u201d][vc_column][vc_column_text]\n<h2 style=\"text-align: center;\">Ma\u00dfnahmen wegen COVID-19<\/h2>\n[\/vc_column_text][vc_column_text]\n<p style=\"text-align: left;\">Liebe Gemeinde und Freunde,<\/p>\n<p>Wir folgen die Regeln und Empfehlungen zur Bek\u00e4mpfung der steigenden Infektionszahlen. Um unseren Gottesdienst nach den aktuellen Vorschriften zu halten gilt die\u00a0<strong>3G Regelung ab dem 05.12.2021<\/strong>. Nur Geimpft, Genese (mit Nachweis) oder Getestete d\u00fcrfen an unsere Pr\u00e4senz-Gottesdienste teilnehmen.[\/vc_column_text][vc_row_inner][vc_column_inner width=\u201d1\/4\u2033][\/vc_column_inner][vc_column_inner width=\u201d1\/4\u2033][vc_column_text]<strong>1. Nachweis \u00fcber vollst\u00e4ndige Impfung<\/strong><br>\n<strong>2. Nachweis \u00fcber status als Genese (Nachweis nicht \u00e4lter als 6 Monate).<\/strong><br>\n<strong>3. Test aus einem Testzentrum (B\u00fcrgertest nicht \u00e4lter als 24 Stunden).<\/strong>[\/vc_column_text][\/vc_column_inner][vc_column_inner width=\u201d1\/4\u2033][vc_column_text]<strong>4. Test bei der Arbeit ausgef\u00fchrt (nicht \u00e4lter als 24 Stunden).<\/strong><\/p>\n<p><strong>5. F\u00fcr Sch\u00fcler, validen Testheft<\/strong><\/p>\n<p><strong>Selbsttests und Schnelltests sind NICHT ausreichend.<\/strong>[\/vc_column_text][\/vc_column_inner][vc_column_inner width=\u201d1\/4\u2033][\/vc_column_inner][\/vc_row_inner][vc_row_inner][vc_column_inner width=\u201d1\/4\u2033][\/vc_column_inner][vc_column_inner width=\u201d1\/4\u2033][vc_column_text]\n<p style=\"text-align: right;\">Wir bieten auch ein Livestream unseren Gottesdiensten sowie \u00dcbersetzung.<\/p>\n[\/vc_column_text][\/vc_column_inner][vc_column_inner width=\u201d1\/4\u2033]<div class=\"hb-aligncenter\"><a href=\"iglesia-latina.de\/onlineangebot\" class=\"hb-button hb-pomegranate hb-large-button no-three-d\" target=\"_self\" style=\"-webkit-border-radius: 2px;-moz-border-radius: 2px;border-radius: 2px;\">Online Angebot<\/a><\/div>[\/vc_column_inner][vc_column_inner width=\u201d1\/4\u2033][\/vc_column_inner][\/vc_row_inner][\/vc_column][\/vc_row][vc_row top_margin=\u201d0\u2033 bottom_margin=\u201d0\u2033 css=\u201d.vc_custom_1429630586095{margin-top: 35px !important;}\u201d][vc_column animation=\u201dfade-in\u201d][vc_column_text]\n<h1 style=\"text-align: center;\">In zusammen Arbeit mit:<\/h1>\n[\/vc_column_text][\/vc_column][\/vc_row][vc_row css=\u201d.vc_custom_1412458696570{margin-top: 70px !important;}\u201d][vc_column width=\u201d1\/4\u2033][vc_column_text]<br>\n[\/vc_column_text][\/vc_column][vc_column width=\u201d1\/4\u2033 animation=\u201dleft-to-right\u201d][vc_single_image image=\u201d2360\u2033 img_size=\u201dmedium\u201d alignment=\u201dcenter\u201d onclick=\u201dcustom_link\u201d img_link_target=\u201d_blank\u201d link=\u201dhttps:\/\/www.fegfrankfurt.de\/\u201d][\/vc_column][vc_column width=\u201d1\/4\u2033 animation=\u201dright-to-left\u201d][vc_single_image image=\u201d285\u2033 alignment=\u201dcenter\u201d][\/vc_column][vc_column width=\u201d1\/4\u2033][vc_column_text]<br>\n[\/vc_column_text][\/vc_column][\/vc_row][vc_row css=\u201d.vc_custom_1417146136823{margin-top: 35px !important;}\u201d][vc_column][vc_column_text css_animation=\u201dleft-to-right\u201d]\n<h1>Fern\u00a0von Zuhause, aber Gott nahe<\/h1>\n[\/vc_column_text][\/vc_column][\/vc_row][vc_row][vc_column width=\u201d1\/2\u2033][vc_column_text css_animation=\u201dleft-to-right\u201d]\n<p style=\"text-align: left;\">Aus unterschiedlichen Gr\u00fcnden hat uns Gott hierher gebracht. Wir haben Ozeane und T\u00e4ler \u00fcberquert, aber Gott hatte einen Plan: \u201e Die frohe Botschaft von Jesus in diese hoffnungslosen Welt zu bringen\u201c, wo Gott im Leben vieler Menschen weiterhin handelt und erscheint.<\/p>\n<p style=\"text-align: left;\">Vielen Dank f\u00fcr Ihren Besuch unserer Webseite.<\/p>\n[\/vc_column_text][\/vc_column][vc_column width=\u201d1\/2\u2033][vc_column_text css_animation=\u201dright-to-left\u201d]Wenn Sie nach einem Weg f\u00fcr ein Leben mit Freude und Frieden in Jesus suchen, denken Sie daran, was Jesus sagte als er unter uns war:[\/vc_column_text][\/vc_column][\/vc_row][vc_row][vc_column]<div class=\"fw-section hb-fw-69f1f4f52e0dd without-border no-overlay light-style\" style=\"background-color:#ffffff;padding-top:150px;padding-bottom:150px;\"><div class=\"row fw-content-wrap\"><div class=\"col-12 nbm\">\n<h1><strong>\u201eIch bin gekommen, dass sie das Leben und volle Gen\u00fcge haben sollen\u201c <\/strong><\/h1>\n<p><strong> Johanes 10:10b<\/strong><\/div><\/div><div class=\"video-overlay no-overlay\"><\/div><div class=\"hb-parallax-wrapper\" style=\"background-image:url(https:\/\/i0.wp.com\/iglesia-latina.de\/wp-content\/uploads\/2014\/09\/Fotolia_70462511_Home.jpg?fit=1592%2C1194);\"><\/div><\/div>[\/vc_column][\/vc_row][vc_row top_margin=\u201d0\u2033 bottom_margin=\u201d0\u2033][vc_column][rev_slider_vc alias=\u201dalthome\u201d][\/vc_column][\/vc_row]\n<\/body><\/div>","protected":false},"excerpt":{"rendered":"<p>[vc_row disable_element=\u201dyes\u201d css=\u201d.vc_custom_1692372458127{margin-top: 35px !important;padding-top: 30px !important;padding-bottom: 30px !important;background-color: #e2f9b3 !important;}\u201d][vc_column][vc_column_text] Wir sind wieder da! [\/vc_column_text][vc_column_text css=\u201d.vc_custom_1688299916706{padding-right: 10% !important;padding-left: 10% [&hellip;]<\/p>\n","protected":false},"author":4,"featured_media":0,"parent":0,"menu_order":0,"comment_status":"open","ping_status":"open","template":"","meta":{"_exactmetrics_skip_tracking":false,"_exactmetrics_sitenote_active":false,"_exactmetrics_sitenote_note":"","_exactmetrics_sitenote_category":0,"footnotes":""},"class_list":["post-1241","page","type-page","status-publish","hentry"],"jetpack_sharing_enabled":true,"jetpack_shortlink":"https:\/\/wp.me\/P6BAUr-k1","publishpress_future_action":{"enabled":false,"date":"2026-05-06 13:09:25","action":"change-status","newStatus":"private","terms":[],"taxonomy":"translation_priority","extraData":[]},"publishpress_future_workflow_manual_trigger":{"enabledWorkflows":[]},"_links":{"self":[{"href":"http:\/\/iglesia-latina.de\/de\/wp-json\/wp\/v2\/pages\/1241\/"}],"collection":[{"href":"http:\/\/iglesia-latina.de\/de\/wp-json\/wp\/v2\/pages\/"}],"about":[{"href":"http:\/\/iglesia-latina.de\/de\/wp-json\/wp\/v2\/types\/page\/"}],"author":[{"embeddable":true,"href":"http:\/\/iglesia-latina.de\/de\/wp-json\/wp\/v2\/users\/4\/"}],"replies":[{"embeddable":true,"href":"http:\/\/iglesia-latina.de\/de\/wp-json\/wp\/v2\/comments\/?post=1241"}],"version-history":[{"count":34,"href":"http:\/\/iglesia-latina.de\/de\/wp-json\/wp\/v2\/pages\/1241\/revisions\/"}],"predecessor-version":[{"id":3232,"href":"http:\/\/iglesia-latina.de\/de\/wp-json\/wp\/v2\/pages\/1241\/revisions\/3232\/"}],"wp:attachment":[{"href":"http:\/\/iglesia-latina.de\/de\/wp-json\/wp\/v2\/media\/?parent=1241"}],"curies":[{"name":"wp","href":"https:\/\/api.w.org\/{rel}","templated":true}]}}